{"id":751,"date":"2023-06-19T15:13:19","date_gmt":"2023-06-19T15:13:19","guid":{"rendered":"https:\/\/www.sallyreilly.fr\/?page_id=751"},"modified":"2024-05-30T13:33:47","modified_gmt":"2024-05-30T13:33:47","slug":"decouvrir-2","status":"publish","type":"page","link":"https:\/\/www.sallyreilly.fr\/?page_id=751","title":{"rendered":"d\u00e9couvrir"},"content":{"rendered":"<div class=\"wpb-content-wrapper\"><p>[vc_row][vc_column][vc_column_text css=\u00a0\u00bb.vc_custom_1662908103349{margin-top: 0px !important;margin-bottom: 20px !important;}\u00a0\u00bb]<\/p>\n<div class=\"page\" title=\"Page 4\">\n<div class=\"section\">\n<div class=\"layoutArea\">\n<div class=\"column\">\n<div class=\"page\" title=\"Page 16\">\n<div class=\"section\">\n<div class=\"layoutArea\">\n<div class=\"column\">\n<h1 style=\"text-align: center;\">de\u0301couvrir<\/h1>\n<\/div>\n<\/div>\n<\/div>\n<\/div>\n<\/div>\n<\/div>\n<\/div>\n<\/div>\n<p>[\/vc_column_text][\/vc_column][\/vc_row][vc_row][vc_column width=\u00a0\u00bb1\/2&Prime;][vc_single_image image=\u00a0\u00bb345&Prime; img_size=\u00a0\u00bb1400&#215;1000&Prime; alignment=\u00a0\u00bbcenter\u00a0\u00bb css=\u00a0\u00bb.vc_custom_1662907895159{margin-top: 0px !important;margin-bottom: 10px !important;}\u00a0\u00bb][\/vc_column][vc_column width=\u00a0\u00bb1\/2&Prime;][vc_column_text css=\u00a0\u00bb.vc_custom_1662905611332{margin-top: 0px !important;margin-right: 40px !important;margin-bottom: 15px !important;margin-left: 40px !important;}\u00a0\u00bb]<\/p>\n<h3 style=\"text-align: center;\">vous me trouverez\u2026<\/h3>\n<p>[\/vc_column_text][vc_column_text css=\u00a0\u00bb.vc_custom_1665408124785{margin-top: 0px !important;margin-right: 20px !important;margin-bottom: 0px !important;margin-left: 20px !important;}\u00a0\u00bb]<\/p>\n<div class=\"page\" title=\"Page 16\">\n<div class=\"section\">\n<div class=\"layoutArea\">\n<div class=\"column\">\n<p>\u2026 dans mon atelier ou\u0300 je garde toute l\u2019anne\u0301e un petit espace d\u2019exposition et ou\u0300 je suis toujours pre\u0302te a\u0300 partager ma passion pour la terre.<\/p>\n<p>Cet e\u0301le\u0301ment ubiquiste transforme\u0301 par l\u2019eau, l\u2019air et le feu, porteur de culture depuis des milliers d\u2019anne\u0301es nous parle toujours et garde toute sa pertinence aujourd\u2019hui.<\/p>\n<\/div>\n<\/div>\n<\/div>\n<\/div>\n<p>[\/vc_column_text][\/vc_column][\/vc_row][vc_row][vc_column][vc_separator color=\u00a0\u00bbcustom\u00a0\u00bb css=\u00a0\u00bb.vc_custom_1663591388488{margin-top: 10px !important;margin-bottom: 20px !important;}\u00a0\u00bb accent_color=\u00a0\u00bb#dd3333&Prime;][\/vc_column][\/vc_row][vc_row][vc_column width=\u00a0\u00bb1\/2&Prime;][vc_single_image image=\u00a0\u00bb347&Prime; img_size=\u00a0\u00bb1400&#215;1000&Prime; alignment=\u00a0\u00bbcenter\u00a0\u00bb css=\u00a0\u00bb.vc_custom_1662907911707{margin-top: 0px !important;margin-bottom: 10px !important;}\u00a0\u00bb][\/vc_column][vc_column width=\u00a0\u00bb1\/2&Prime;][vc_column_text css=\u00a0\u00bb.vc_custom_1663602944598{margin-top: -20px !important;margin-right: 40px !important;margin-bottom: 15px !important;margin-left: 40px !important;}\u00a0\u00bb]<\/p>\n<div class=\"page\" title=\"Page 16\">\n<div class=\"section\">\n<div class=\"layoutArea\">\n<div class=\"column\">\n<h3 style=\"text-align: center;\">sur rendez-vous<\/h3>\n<\/div>\n<\/div>\n<\/div>\n<\/div>\n<p>[\/vc_column_text][vc_column_text css=\u00a0\u00bb.vc_custom_1665397380035{margin-top: 0px !important;margin-right: 20px !important;margin-bottom: 0px !important;margin-left: 20px !important;}\u00a0\u00bb]<\/p>\n<div class=\"page\" title=\"Page 16\">\n<div class=\"section\">\n<div class=\"layoutArea\">\n<div class=\"column\">\n<p>Vous cherchez un cadeau pour votre bien aime\u0301(es) ou vous voulez commander un service de table\u202f? Je suis a\u0300 votre e\u0301coute.<\/p>\n<p>Vous cherchez une vaisselle faite main pour votre restaurant\u202f? Venez en discuter. En re\u0301fle\u0301chissant ensemble nous pourrons cre\u0301er des pie\u0300ces propres au style de votre e\u0301tablissement.<\/p>\n<p>Si vous e\u0302tes du coin il suffit de pousser la porte.<\/p>\n<p>Si vous venez de plus loin il vaut mieux me te\u0301le\u0301phoner en avance.<\/p>\n<\/div>\n<\/div>\n<\/div>\n<\/div>\n<p>[\/vc_column_text][\/vc_column][\/vc_row][vc_row][vc_column][vc_separator color=\u00a0\u00bbcustom\u00a0\u00bb css=\u00a0\u00bb.vc_custom_1663591469948{margin-top: 10px !important;margin-bottom: 20px !important;}\u00a0\u00bb accent_color=\u00a0\u00bb#dd3333&Prime;][\/vc_column][\/vc_row][vc_row][vc_column width=\u00a0\u00bb1\/2&Prime;][vc_single_image image=\u00a0\u00bb346&Prime; img_size=\u00a0\u00bb1400&#215;1000&Prime; alignment=\u00a0\u00bbcenter\u00a0\u00bb css=\u00a0\u00bb.vc_custom_1663591707150{margin-top: 0px !important;margin-bottom: 10px !important;}\u00a0\u00bb][\/vc_column][vc_column width=\u00a0\u00bb1\/2&Prime;][vc_column_text css=\u00a0\u00bb.vc_custom_1663591454164{margin-top: 0px !important;margin-right: 40px !important;margin-bottom: 15px !important;margin-left: 40px !important;}\u00a0\u00bb]<\/p>\n<h3 style=\"text-align: center;\">portes ouvertes<\/h3>\n<p>[\/vc_column_text][vc_column_text css=\u00a0\u00bb.vc_custom_1663751795663{margin-top: 0px !important;margin-right: 20px !important;margin-bottom: 0px !important;margin-left: 20px !important;}\u00a0\u00bb]<\/p>\n<div class=\"page\" title=\"Page 16\">\n<div class=\"section\">\n<div class=\"layoutArea\">\n<div class=\"column\">\n<p>Quatre fois par an je range tout et je transforme mon atelier en galerie. Il y a toujours des nouvelles collections a\u0300 de\u0301couvrir et si vous voulez e\u0302tre inclus sur ma liste d\u2019invite\u0301s envoyez-moi un mail.<\/p>\n<p>Par beaux jours l&rsquo;\u00e9t\u00e9 il m&rsquo;arrive de faire des de\u0301monstrations&#8230; et a\u0300 Noe\u0308l on partage un vin chaud autour du poe\u0302le.<\/p>\n<\/div>\n<\/div>\n<\/div>\n<\/div>\n<p>[\/vc_column_text][\/vc_column][\/vc_row][vc_row][vc_column][vc_separator color=\u00a0\u00bbcustom\u00a0\u00bb css=\u00a0\u00bb.vc_custom_1663591496978{margin-top: 10px !important;margin-bottom: 20px !important;}\u00a0\u00bb accent_color=\u00a0\u00bb#dd3333&Prime;][\/vc_column][\/vc_row][vc_row][vc_column width=\u00a0\u00bb1\/2&Prime;][vc_single_image image=\u00a0\u00bb754&Prime; img_size=\u00a0\u00bb1400&#215;1000&Prime; alignment=\u00a0\u00bbcenter\u00a0\u00bb css=\u00a0\u00bb.vc_custom_1687185650431{margin-top: 0px !important;margin-bottom: 10px !important;}\u00a0\u00bb][\/vc_column][vc_column width=\u00a0\u00bb1\/2&Prime;][vc_column_text css=\u00a0\u00bb.vc_custom_1687185681525{margin-top: 0px !important;margin-right: 40px !important;margin-bottom: 15px !important;margin-left: 40px !important;}\u00a0\u00bb]<\/p>\n<h3 style=\"text-align: center;\">Sancerre<\/h3>\n<p>[\/vc_column_text][vc_column_text css=\u00a0\u00bb.vc_custom_1687187020068{margin-top: 0px !important;margin-right: 20px !important;margin-bottom: 0px !important;margin-left: 20px !important;}\u00a0\u00bb]<\/p>\n<div class=\"page\" title=\"Page 17\">\n<div class=\"section\">\n<div class=\"layoutArea\">\n<div class=\"column\">\n<p>Tout au long de l&rsquo;ann\u00e9e vous trouverez mes \u0153uvres \u00e0 l&rsquo;atelier Blandine Vimon o\u00f9 nous partagons les gardes de la boutique\u00a0:<\/p>\n<p style=\"text-align: center;\">22 place saint Andr\u00e9 18300 Sancerre<\/p>\n<p>Comme moi, Blandine s&rsquo;inspire des movements artistiques du 20e si\u00e8cle pour la cr\u00e9ation de ses bijoux peints \u00e0 la main sur bois. Nos pi\u00e8ces font bon m\u00e9nage\u00a0:<\/p>\n<p>L&rsquo;atelier est ouvert tous les week-ends de l&rsquo;ann\u00e9e, et 6 jours sur 7 en juillet et ao\u00fbt<\/p>\n<p style=\"text-align: center;\">de 11 h \u00e0 13 h et de 15 h \u00e0 18 h 30<\/p>\n<p style=\"text-align: center;\">et sur rendez-vous.<\/p>\n<p style=\"text-align: center;\"><\/div>\n<\/div>\n<\/div>\n<\/div>\n<p>&nbsp;[\/vc_column_text][\/vc_column][\/vc_row][vc_row][vc_column][vc_separator color=\u00a0\u00bbcustom\u00a0\u00bb css=\u00a0\u00bb.vc_custom_1663591811075{margin-top: 10px !important;margin-bottom: 20px !important;}\u00a0\u00bb accent_color=\u00a0\u00bb#dd3333&Prime;][\/vc_column][\/vc_row][vc_row][vc_column width=\u00a0\u00bb1\/2&Prime;][vc_single_image image=\u00a0\u00bb348&Prime; img_size=\u00a0\u00bb1400&#215;1000&Prime; alignment=\u00a0\u00bbcenter\u00a0\u00bb css=\u00a0\u00bb.vc_custom_1662907973119{margin-top: 0px !important;margin-bottom: 10px !important;}\u00a0\u00bb][\/vc_column][vc_column width=\u00a0\u00bb1\/2&Prime;][vc_column_text css=\u00a0\u00bb.vc_custom_1663591788074{margin-top: 0px !important;margin-right: 40px !important;margin-bottom: 15px !important;margin-left: 40px !important;}\u00a0\u00bb]<\/p>\n<h3 style=\"text-align: center;\">ailleurs<\/h3>\n<p>[\/vc_column_text][vc_column_text css=\u00a0\u00bb.vc_custom_1665409626129{margin-top: 0px !important;margin-right: 20px !important;margin-bottom: 0px !important;margin-left: 20px !important;}\u00a0\u00bb]<\/p>\n<div class=\"page\" title=\"Page 17\">\n<div class=\"section\">\n<div class=\"layoutArea\">\n<div class=\"column\">\n<p>Chez l\u2019excellent restaurant <a href=\"https:\/\/www.lelaurier-sancerre.fr\" target=\"_blank\" rel=\"noopener\">\u00ab\u2009<strong>Le Laurier<\/strong>\u2009\u00bb<\/a> vous trouverez une collection de mes pie\u0300ces dans lesquelles vous pouvez vous re\u0301galer \u00e0<\/p>\n<p style=\"text-align: center;\">29 rue du Commerce 18300 Saint-Satur<\/p>\n<p>Et vos mises en bouche seront pre\u0301sente\u0301es dans mes petits bols chez Jessica a\u0300\u202f<a href=\"https:\/\/fr-fr.facebook.com\/people\/Lauberge-du-vigneron\/100064184163353\/\" target=\"_blank\" rel=\"noopener\">\u00ab\u2009<strong>l\u2019Auberge du Vigneron<\/strong>\u2009\u00bb<\/a><\/p>\n<p style=\"text-align: center;\">rue Saint-Vincent 18300 Verdigny.<\/p>\n<p>Ainsi qu&rsquo;\u00e0 <a href=\"https:\/\/lapommedorsancerre.fr\/\" target=\"_blank\" rel=\"noopener\">\u00ab\u2009<strong>La Pomme d&rsquo;Or<\/strong>\u2009\u00bb<\/a><\/p>\n<p style=\"text-align: center;\">1 rue de la Panneterie, 18300 Sancerre<\/p>\n<\/div>\n<\/div>\n<\/div>\n<\/div>\n<p>[\/vc_column_text][\/vc_column][\/vc_row][vc_row][vc_column][vc_separator color=\u00a0\u00bbcustom\u00a0\u00bb css=\u00a0\u00bb.vc_custom_1663591894602{margin-top: 10px !important;margin-bottom: 20px !important;}\u00a0\u00bb accent_color=\u00a0\u00bb#dd3333&Prime;][\/vc_column][\/vc_row][vc_row][vc_column width=\u00a0\u00bb1\/2&Prime;][vc_single_image image=\u00a0\u00bb757&Prime; img_size=\u00a0\u00bb1000 x 1000&Prime; alignment=\u00a0\u00bbcenter\u00a0\u00bb css=\u00a0\u00bb.vc_custom_1687188442109{margin-top: 5px !important;margin-right: 50px !important;margin-bottom: 10px !important;margin-left: 50px !important;}\u00a0\u00bb][\/vc_column][vc_column width=\u00a0\u00bb1\/2&Prime;][vc_column_text css=\u00a0\u00bb.vc_custom_1663591879602{margin-top: 0px !important;margin-right: 40px !important;margin-bottom: 15px !important;margin-left: 40px !important;}\u00a0\u00bb]<\/p>\n<h3 style=\"text-align: center;\">autres \u00e9v\u00e9nements<\/h3>\n<p>[\/vc_column_text][vc_column_text css=\u00a0\u00bb.vc_custom_1687188360426{margin-top: 0px !important;margin-right: 20px !important;margin-bottom: 10px !important;margin-left: 20px !important;}\u00a0\u00bb]<\/p>\n<div class=\"page\" title=\"Page 17\">\n<div class=\"section\">\n<div class=\"layoutArea\">\n<div class=\"column\">\n<p>De temps en temps\u00a0 je participe a\u0300 des expositions \u00ab\u2009hors mes murs\u2009\u00bb ou j\u2019expose aux marche\u0301s des potiers ou dans des salons.<\/p>\n<p>Les 24\/25 juin 2023 je suis pr\u00e9sente sur le march\u00e9 des producteurs et artisans de Saint-Satur, au Centre Culturel Guy Poubeau, 22 rue du Pr\u00e9 de Chappes, o\u00f9 je pr\u00e9senterai une nouvelle collection de bijoux en porcelaine.<\/p>\n<\/div>\n<\/div>\n<\/div>\n<\/div>\n<p>[\/vc_column_text][\/vc_column][\/vc_row][vc_row][vc_column][vc_separator color=\u00a0\u00bbcustom\u00a0\u00bb css=\u00a0\u00bb.vc_custom_1687188472517{margin-top: 10px !important;margin-bottom: 25px !important;}\u00a0\u00bb accent_color=\u00a0\u00bb#dd3333&Prime;][\/vc_column][\/vc_row][vc_row][vc_column width=\u00a0\u00bb1\/2&Prime;][vc_single_image image=\u00a0\u00bb565&Prime; img_size=\u00a0\u00bb1400 x 1000&Prime; alignment=\u00a0\u00bbcenter\u00a0\u00bb css=\u00a0\u00bb.vc_custom_1687184660922{margin-top: 0px !important;margin-bottom: 10px !important;}\u00a0\u00bb][\/vc_column][vc_column width=\u00a0\u00bb1\/2&Prime;][vc_single_image image=\u00a0\u00bb24&Prime; img_size=\u00a0\u00bb350 x 250&Prime; alignment=\u00a0\u00bbcenter\u00a0\u00bb css=\u00a0\u00bb.vc_custom_1687185367492{margin-top: 30px !important;margin-bottom: 10px !important;}\u00a0\u00bb][vc_single_image image=\u00a0\u00bb774&Prime; img_size=\u00a0\u00bb1400&#215;987&Prime; css=\u00a0\u00bb.vc_custom_1717075743299{margin-top: -75px !important;margin-bottom: 0px !important;}\u00a0\u00bb][\/vc_column][\/vc_row][vc_row][vc_column][vc_separator color=\u00a0\u00bbcustom\u00a0\u00bb css=\u00a0\u00bb.vc_custom_1717076022376{margin-top: 10px !important;margin-bottom: 0px !important;border-bottom-width: -30px !important;}\u00a0\u00bb accent_color=\u00a0\u00bb#dd3333&Prime;][\/vc_column][\/vc_row]<\/p>\n<\/div>","protected":false},"excerpt":{"rendered":"<p>[vc_row][vc_column][vc_column_text css=\u00a0\u00bb.vc_custom_1662908103349{margin-top: 0px !important;margin-bottom: 20px !important;}\u00a0\u00bb] de\u0301couvrir [\/vc_column_text][\/vc_column][\/vc_row][vc_row][vc_column width=\u00a0\u00bb1\/2&Prime;][vc_single_image image=\u00a0\u00bb345&Prime; img_size=\u00a0\u00bb1400&#215;1000&Prime; alignment=\u00a0\u00bbcenter\u00a0\u00bb css=\u00a0\u00bb.vc_custom_1662907895159{margin-top: 0px !important;margin-bottom: 10px !important;}\u00a0\u00bb][\/vc_column][vc_column width=\u00a0\u00bb1\/2&Prime;][vc_column_text css=\u00a0\u00bb.vc_custom_1662905611332{margin-top: 0px !important;margin-right: 40px !important;margin-bottom: 15px !important;margin-left: 40px !important;}\u00a0\u00bb] vous me trouverez\u2026 [\/vc_column_text][vc_column_text css=\u00a0\u00bb.vc_custom_1665408124785{margin-top: 0px !important;margin-right: 20px !important;margin-bottom: 0px !important;margin-left: 20px !important;}\u00a0\u00bb] \u2026 dans mon atelier ou\u0300 je garde toute l\u2019anne\u0301e un petit espace d\u2019exposition et ou\u0300&hellip;<\/p>\n","protected":false},"author":1,"featured_media":0,"parent":0,"menu_order":0,"comment_status":"closed","ping_status":"closed","template":"","meta":{"_acf_changed":false,"footnotes":""},"class_list":["post-751","page","type-page","status-publish","hentry"],"acf":[],"_links":{"self":[{"href":"https:\/\/www.sallyreilly.fr\/index.php?rest_route=\/wp\/v2\/pages\/751","targetHints":{"allow":["GET"]}}],"collection":[{"href":"https:\/\/www.sallyreilly.fr\/index.php?rest_route=\/wp\/v2\/pages"}],"about":[{"href":"https:\/\/www.sallyreilly.fr\/index.php?rest_route=\/wp\/v2\/types\/page"}],"author":[{"embeddable":true,"href":"https:\/\/www.sallyreilly.fr\/index.php?rest_route=\/wp\/v2\/users\/1"}],"replies":[{"embeddable":true,"href":"https:\/\/www.sallyreilly.fr\/index.php?rest_route=%2Fwp%2Fv2%2Fcomments&post=751"}],"version-history":[{"count":11,"href":"https:\/\/www.sallyreilly.fr\/index.php?rest_route=\/wp\/v2\/pages\/751\/revisions"}],"predecessor-version":[{"id":786,"href":"https:\/\/www.sallyreilly.fr\/index.php?rest_route=\/wp\/v2\/pages\/751\/revisions\/786"}],"wp:attachment":[{"href":"https:\/\/www.sallyreilly.fr\/index.php?rest_route=%2Fwp%2Fv2%2Fmedia&parent=751"}],"curies":[{"name":"wp","href":"https:\/\/api.w.org\/{rel}","templated":true}]}}